{"id":909,"date":"2020-04-02T11:22:48","date_gmt":"2020-04-02T09:22:48","guid":{"rendered":"https:\/\/posolen.malibus.cz\/subdom\/posolen\/?page_id=909"},"modified":"2020-04-02T11:22:48","modified_gmt":"2020-04-02T09:22:48","slug":"kosik","status":"publish","type":"page","link":"https:\/\/posolen.malibus.cz\/subdom\/posolen\/?page_id=909","title":{"rendered":"Ko\u0161\u00edk"},"content":{"rendered":"<div class=\"woocommerce\"><div class=\"woocommerce-notices-wrapper\">\n\t<div class=\"woocommerce-message\" role=\"alert\">\n\t\t<a href=\"https:\/\/posolen.malibus.cz\/subdom\/posolen\/?page_id=909\" tabindex=\"1\" class=\"button wc-forward\">Zobrazit ko\u0161\u00edk<\/a> &ldquo;Sudo\u0159e\u0159i\u0161n\u00edk&rdquo; byl p\u0159id\u00e1n do ko\u0161\u00edku.\t<\/div>\n<\/div>\n<form class=\"woocommerce-cart-form\" action=\"https:\/\/posolen.malibus.cz\/subdom\/posolen\/?page_id=909\" method=\"post\">\n\t\n\t<table class=\"shop_table shop_table_responsive cart woocommerce-cart-form__contents\" cellspacing=\"0\">\n\t\t<thead>\n\t\t\t<tr>\n\t\t\t\t<th class=\"product-remove\">&nbsp;<\/th>\n\t\t\t\t<th class=\"product-thumbnail\">&nbsp;<\/th>\n\t\t\t\t<th class=\"product-name\">Produkt<\/th>\n\t\t\t\t<th class=\"product-price\">Cena<\/th>\n\t\t\t\t<th class=\"product-quantity\">Mno\u017estv\u00ed<\/th>\n\t\t\t\t<th class=\"product-subtotal\">Mezisou\u010det<\/th>\n\t\t\t<\/tr>\n\t\t<\/thead>\n\t\t<tbody>\n\t\t\t\n\t\t\t\t\t\t\t\t<tr class=\"woocommerce-cart-form__cart-item cart_item\">\n\n\t\t\t\t\t\t<td class=\"product-remove\">\n\t\t\t\t\t\t\t<a href=\"https:\/\/posolen.malibus.cz\/subdom\/posolen\/?page_id=909&#038;remove_item=7634ea65a4e6d9041cfd3f7de18e334a&#038;_wpnonce=c360471bb4\" class=\"remove\" aria-label=\"Odstranit tuto polo\u017eku\" data-product_id=\"914\" data-product_sku=\"\">&times;<\/a>\t\t\t\t\t\t<\/td>\n\n\t\t\t\t\t\t<td class=\"product-thumbnail\">\n\t\t\t\t\t\t<a href=\"https:\/\/posolen.malibus.cz\/subdom\/posolen\/?product=sudorerisnik\"><img width=\"300\" height=\"300\" src=\"https:\/\/posolen.malibus.cz\/subdom\/posolen\/wp-content\/uploads\/2012\/07\/solna-jeskyne-02-small1-300x300.jpg\" class=\"attachment-woocommerce_thumbnail size-woocommerce_thumbnail\" alt=\"Soln\u00e1 jeskyn\u011b Kralovice - Solni\u010dka\" loading=\"lazy\" srcset=\"https:\/\/posolen.malibus.cz\/subdom\/posolen\/wp-content\/uploads\/2012\/07\/solna-jeskyne-02-small1-300x300.jpg 300w, https:\/\/posolen.malibus.cz\/subdom\/posolen\/wp-content\/uploads\/2012\/07\/solna-jeskyne-02-small1-150x150.jpg 150w\" sizes=\"(max-width: 300px) 100vw, 300px\" \/><\/a>\t\t\t\t\t\t<\/td>\n\n\t\t\t\t\t\t<td class=\"product-name\" data-title=\"Produkt\">\n\t\t\t\t\t\t<a href=\"https:\/\/posolen.malibus.cz\/subdom\/posolen\/?product=sudorerisnik\">Sudo\u0159e\u0159i\u0161n\u00edk<\/a>\t\t\t\t\t\t<\/td>\n\n\t\t\t\t\t\t<td class=\"product-price\" data-title=\"Cena\">\n\t\t\t\t\t\t\t<span class=\"woocommerce-Price-amount amount\"><bdi><span class=\"woocommerce-Price-currencySymbol\">&#75;&#269;<\/span>196.00<\/bdi><\/span>\t\t\t\t\t\t<\/td>\n\n\t\t\t\t\t\t<td class=\"product-quantity\" data-title=\"Mno\u017estv\u00ed\">\n\t\t\t\t\t\t\t<div class=\"quantity\">\n\t\t\t\t<label class=\"screen-reader-text\" for=\"quantity_69e37a6734329\">Sudo\u0159e\u0159i\u0161n\u00edk mno\u017estv\u00ed<\/label>\n\t\t<input\n\t\t\ttype=\"number\"\n\t\t\tid=\"quantity_69e37a6734329\"\n\t\t\tclass=\"input-text qty text\"\n\t\t\tstep=\"1\"\n\t\t\tmin=\"0\"\n\t\t\tmax=\"\"\n\t\t\tname=\"cart[7634ea65a4e6d9041cfd3f7de18e334a][qty]\"\n\t\t\tvalue=\"1\"\n\t\t\ttitle=\"Mno\u017estv\u00ed\"\n\t\t\tsize=\"4\"\n\t\t\tplaceholder=\"\"\n\t\t\tinputmode=\"numeric\" \/>\n\t\t\t<\/div>\n\t\t\t\t\t\t\t<\/td>\n\n\t\t\t\t\t\t<td class=\"product-subtotal\" data-title=\"Mezisou\u010det\">\n\t\t\t\t\t\t\t<span class=\"woocommerce-Price-amount amount\"><bdi><span class=\"woocommerce-Price-currencySymbol\">&#75;&#269;<\/span>196.00<\/bdi><\/span>\t\t\t\t\t\t<\/td>\n\t\t\t\t\t<\/tr>\n\t\t\t\t\t\n\t\t\t\n\t\t\t<tr>\n\t\t\t\t<td colspan=\"6\" class=\"actions\">\n\n\t\t\t\t\t\t\t\t\t\t\t<div class=\"coupon\">\n\t\t\t\t\t\t\t<label for=\"coupon_code\">Kup\u00f3n:<\/label> <input type=\"text\" name=\"coupon_code\" class=\"input-text\" id=\"coupon_code\" value=\"\" placeholder=\"K\u00f3d kup\u00f3nu\" \/> <button type=\"submit\" class=\"button\" name=\"apply_coupon\" value=\"Pou\u017e\u00edt kup\u00f3n\">Pou\u017e\u00edt kup\u00f3n<\/button>\n\t\t\t\t\t\t\t\t\t\t\t\t\t<\/div>\n\t\t\t\t\t\n\t\t\t\t\t<button type=\"submit\" class=\"button\" name=\"update_cart\" value=\"Aktualizovat ko\u0161\u00edk\">Aktualizovat ko\u0161\u00edk<\/button>\n\n\t\t\t\t\t\n\t\t\t\t\t<input type=\"hidden\" id=\"woocommerce-cart-nonce\" name=\"woocommerce-cart-nonce\" value=\"c360471bb4\" \/><input type=\"hidden\" name=\"_wp_http_referer\" value=\"\/subdom\/posolen\/index.php?rest_route=%2Fwp%2Fv2%2Fpages%2F909\" \/>\t\t\t\t<\/td>\n\t\t\t<\/tr>\n\n\t\t\t\t\t<\/tbody>\n\t<\/table>\n\t<\/form>\n\n\n<div class=\"cart-collaterals\">\n\t<div class=\"cart_totals \">\n\n\t\n\t<h2>Celkem k platb\u011b<\/h2>\n\n\t<table cellspacing=\"0\" class=\"shop_table shop_table_responsive\">\n\n\t\t<tr class=\"cart-subtotal\">\n\t\t\t<th>Mezisou\u010det<\/th>\n\t\t\t<td data-title=\"Mezisou\u010det\"><span class=\"woocommerce-Price-amount amount\"><bdi><span class=\"woocommerce-Price-currencySymbol\">&#75;&#269;<\/span>196.00<\/bdi><\/span><\/td>\n\t\t<\/tr>\n\n\t\t\n\t\t\n\t\t\t\n\t\t\t<tr class=\"woocommerce-shipping-totals shipping\">\n\t<th>Doprava<\/th>\n\t<td data-title=\"Doprava\">\n\t\t\t\t\t<ul id=\"shipping_method\" class=\"woocommerce-shipping-methods\">\n\t\t\t\t\t\t\t\t\t<li>\n\t\t\t\t\t\t<input type=\"hidden\" name=\"shipping_method[0]\" data-index=\"0\" id=\"shipping_method_0_flat_rate1\" value=\"flat_rate:1\" class=\"shipping_method\" \/><label for=\"shipping_method_0_flat_rate1\">Pau\u0161\u00e1ln\u00ed sazba: <span class=\"woocommerce-Price-amount amount\"><bdi><span class=\"woocommerce-Price-currencySymbol\">&#75;&#269;<\/span>100.00<\/bdi><\/span><\/label>\t\t\t\t\t<\/li>\n\t\t\t\t\t\t\t<\/ul>\n\t\t\t\t\t\t\t<p class=\"woocommerce-shipping-destination\">\n\t\t\t\t\tMo\u017enosti p\u0159epravy budou aktualizov\u00e1ny na str\u00e1nce pokladny.\t\t\t\t<\/p>\n\t\t\t\t\t\t\n\t\t\n\t\t\t\t\t\n<form class=\"woocommerce-shipping-calculator\" action=\"https:\/\/posolen.malibus.cz\/subdom\/posolen\/?page_id=909\" method=\"post\">\n\n\t<a href=\"#\" class=\"shipping-calculator-button\">Spo\u010d\u00edtat po\u0161tovn\u00e9<\/a>\n\t<section class=\"shipping-calculator-form\" style=\"display:none;\">\n\n\t\t\t\t\t<p class=\"form-row form-row-wide\" id=\"calc_shipping_country_field\">\n\t\t\t\t<select name=\"calc_shipping_country\" id=\"calc_shipping_country\" class=\"country_to_state country_select\" rel=\"calc_shipping_state\">\n\t\t\t\t\t<option value=\"default\">Vyberte zemi \/ region&hellip;<\/option>\n\t\t\t\t\t<option value=\"AF\">Afgh\u00e1nist\u00e1n<\/option><option value=\"AX\">\u00c5landsk\u00e9 ostrovy<\/option><option value=\"AL\">Alb\u00e1nie<\/option><option value=\"DZ\">Al\u017e\u00edrsko<\/option><option value=\"AS\">Americk\u00e1 Samoa<\/option><option value=\"AD\">Andorra<\/option><option value=\"AO\">Angola<\/option><option value=\"AI\">Anguilla<\/option><option value=\"AQ\">Antarktida<\/option><option value=\"AG\">Antigua a Barbuda<\/option><option value=\"AR\">Argentina<\/option><option value=\"AM\">Arm\u00e9nie<\/option><option value=\"AW\">Aruba<\/option><option value=\"AU\">Austr\u00e1lie<\/option><option value=\"AZ\">Azerbaid\u017e\u00e1n<\/option><option value=\"BS\">Bahamy<\/option><option value=\"BH\">Bahrain<\/option><option value=\"BD\">Banglad\u00e9\u0161<\/option><option value=\"BB\">Barbados<\/option><option value=\"PW\">Belau<\/option><option value=\"BE\">Belgie<\/option><option value=\"BZ\">Belize<\/option><option value=\"BY\">B\u011blorusko<\/option><option value=\"BJ\">Benin<\/option><option value=\"BM\">Bermudy<\/option><option value=\"BO\">Bol\u00edvie<\/option><option value=\"BQ\">Bonaire, Saint Eustatius a Saba<\/option><option value=\"BA\">Bosna a Herzegovina<\/option><option value=\"BW\">Botswana<\/option><option value=\"BV\">Bouvet\u016fv ostrov<\/option><option value=\"BR\">Braz\u00edlie<\/option><option value=\"IO\">Britsk\u00e9 indickooce\u00e1nsk\u00e9 \u00fazem\u00ed<\/option><option value=\"BN\">Brunej<\/option><option value=\"BG\">Bulharsko<\/option><option value=\"BF\">Burkina Faso<\/option><option value=\"BI\">Burundi<\/option><option value=\"BT\">B\u00fat\u00e1n<\/option><option value=\"CM\">Camerun<\/option><option value=\"CV\">Cape Verde<\/option><option value=\"KM\">Comoros<\/option><option value=\"CK\">Cookovy ostrovy<\/option><option value=\"CR\">Costa Rica<\/option><option value=\"CW\">Cura&Ccedil;ao<\/option><option value=\"TD\">\u010cad<\/option><option value=\"ME\">\u010cern\u00e1 Hora<\/option><option value=\"CZ\" selected='selected'>\u010cesk\u00e1 republika<\/option><option value=\"CN\">\u010c\u00edna<\/option><option value=\"DK\">D\u00e1nsko<\/option><option value=\"DJ\">Djibouti<\/option><option value=\"DM\">Dominica<\/option><option value=\"DO\">Dominik\u00e1nsk\u00e1 Republika<\/option><option value=\"EG\">Egypt<\/option><option value=\"EC\">Ekv\u00e1dor<\/option><option value=\"GQ\">Equatorial Guinea<\/option><option value=\"ER\">Eritrea<\/option><option value=\"EE\">Estonsko<\/option><option value=\"ET\">Etiopie<\/option><option value=\"FK\">Falklandsk\u00e9 ostrovy<\/option><option value=\"FO\">Faroe Islands<\/option><option value=\"FM\">Federativn\u00ed st\u00e1ty Mikron\u00e9sie<\/option><option value=\"FJ\">Fiji<\/option><option value=\"PH\">Filip\u00edny<\/option><option value=\"FI\">Finsko<\/option><option value=\"FR\">Francie<\/option><option value=\"GF\">Francouzsk\u00e1 Guyana<\/option><option value=\"PF\">Francouzsk\u00e1 Polynesie<\/option><option value=\"TF\">Francouzsk\u00e9 Ji\u017en\u00ed Teritorium<\/option><option value=\"GA\">Gabon<\/option><option value=\"GM\">Gambia<\/option><option value=\"GE\">Georgia<\/option><option value=\"GH\">Ghana<\/option><option value=\"GI\">Gibraltar<\/option><option value=\"GD\">Grenada<\/option><option value=\"GL\">Gr\u00f3nsko<\/option><option value=\"GP\">Guadeloupe<\/option><option value=\"GU\">Guam<\/option><option value=\"GT\">Guatemala<\/option><option value=\"GG\">Guernsey<\/option><option value=\"GN\">Guinea<\/option><option value=\"GW\">Guinea-Bissau<\/option><option value=\"GY\">Guyana<\/option><option value=\"HT\">Haiti<\/option><option value=\"HM\">Heard\u016fv ostrov a McDonaldovy ostrovy<\/option><option value=\"HN\">Honduras<\/option><option value=\"HK\">Hong Kong<\/option><option value=\"CL\">Chile<\/option><option value=\"HR\">Chorvatsko<\/option><option value=\"IN\">Indie<\/option><option value=\"ID\">Indonesia<\/option><option value=\"IQ\">Ir\u00e1k<\/option><option value=\"IR\">Iran<\/option><option value=\"IE\">Irsko<\/option><option value=\"IS\">Island<\/option><option value=\"IT\">It\u00e1lie<\/option><option value=\"IL\">Izrael<\/option><option value=\"JM\">Jamajka<\/option><option value=\"JP\">Japonsko<\/option><option value=\"YE\">Jemen<\/option><option value=\"JE\">Jersey<\/option><option value=\"ZA\">Ji\u017en\u00ed Afrika<\/option><option value=\"SS\">Ji\u017en\u00ed S\u00fad\u00e1n<\/option><option value=\"JO\">Jordan<\/option><option value=\"KY\">Kajmansk\u00e9 ostrovy<\/option><option value=\"KH\">Kambod\u017ea<\/option><option value=\"CA\">Kanada<\/option><option value=\"QA\">Katar<\/option><option value=\"KZ\">Kazachst\u00e1n<\/option><option value=\"KE\">Ke\u0148a<\/option><option value=\"KI\">Kiribati<\/option><option value=\"CC\">Kokosov\u00e9 ostrovy<\/option><option value=\"CO\">Kolumbie<\/option><option value=\"CG\">Kongo (Brazzaville)<\/option><option value=\"CD\">Kongo (Kin\u0161asa)<\/option><option value=\"CU\">Kuba<\/option><option value=\"KW\">Kuwait<\/option><option value=\"CY\">Kypr<\/option><option value=\"KG\">Kyrgist\u00e1n<\/option><option value=\"LA\">Laos<\/option><option value=\"LS\">Lesotho<\/option><option value=\"LB\">Libanon<\/option><option value=\"LR\">Liberie<\/option><option value=\"LY\">Libye<\/option><option value=\"LI\">Lichten\u0161tejnsko<\/option><option value=\"LT\">Litva<\/option><option value=\"LV\">Loty\u0161sko<\/option><option value=\"LU\">Lucembursko<\/option><option value=\"MO\">Macao<\/option><option value=\"MG\">Madagaskar<\/option><option value=\"HU\">Ma\u010farsko<\/option><option value=\"MY\">Malajsie<\/option><option value=\"MW\">Malawi<\/option><option value=\"MV\">Maledivy<\/option><option value=\"ML\">Mali<\/option><option value=\"MT\">Malta<\/option><option value=\"MA\">Maroko<\/option><option value=\"MH\">Marshallovy ostrovy<\/option><option value=\"MQ\">Martinik<\/option><option value=\"MR\">Maurit\u00e1nie<\/option><option value=\"MU\">Mauritius<\/option><option value=\"YT\">Mayotte<\/option><option value=\"MX\">Mexiko<\/option><option value=\"MD\">Moldavsko<\/option><option value=\"MC\">Monako<\/option><option value=\"MN\">Mongolsko<\/option><option value=\"MS\">Montserrat<\/option><option value=\"MZ\">Mosambik<\/option><option value=\"MM\">Myanmar<\/option><option value=\"NA\">Namibia<\/option><option value=\"NR\">Nauru<\/option><option value=\"DE\">N\u011bmecko<\/option><option value=\"NP\">Nepal<\/option><option value=\"NC\">New Caledonia<\/option><option value=\"NZ\">New Zealand<\/option><option value=\"NI\">Nicaragua<\/option><option value=\"NE\">Niger<\/option><option value=\"NG\">Nigeria<\/option><option value=\"NU\">Niue<\/option><option value=\"NL\">Nizozemsko<\/option><option value=\"NF\">Norfolk Island<\/option><option value=\"NO\">Norsko<\/option><option value=\"KP\">North Korea<\/option><option value=\"MK\">North Macedonia<\/option><option value=\"MP\">Northern Mariana Islands<\/option><option value=\"OM\">Om\u00e1n<\/option><option value=\"IM\">Ostrov Man<\/option><option value=\"PK\">P\u00e1kist\u00e1n<\/option><option value=\"PS\">Palestinsk\u00e9 Teritorium<\/option><option value=\"PA\">Panama<\/option><option value=\"VI\">Panensk\u00e9 ostrovy (US)<\/option><option value=\"PG\">Papua Nov\u00e1 Guinea<\/option><option value=\"PY\">Paraguay<\/option><option value=\"PE\">Peru<\/option><option value=\"PN\">Pitcairn<\/option><option value=\"CI\">Pob\u0159e\u017e\u00ed slonoviny<\/option><option value=\"PL\">Polsko<\/option><option value=\"PR\">Porto Rico<\/option><option value=\"PT\">Portugalsko<\/option><option value=\"AT\">Rakousko<\/option><option value=\"RE\">Reunion<\/option><option value=\"RO\">Rumunsko<\/option><option value=\"RU\">Rusko<\/option><option value=\"RW\">Rwanda<\/option><option value=\"GR\">\u0158ecko<\/option><option value=\"ST\">S&atilde;o Tom&eacute; and Pr&iacute;ncipe<\/option><option value=\"BL\">Saint Barth&eacute;lemy<\/option><option value=\"KN\">Saint Kitts and Nevis<\/option><option value=\"LC\">Saint Lucia<\/option><option value=\"SX\">Saint Martin (Dutch part)<\/option><option value=\"MF\">Saint Martin (French part)<\/option><option value=\"PM\">Saint Pierre a Miquelon<\/option><option value=\"SV\">Salvador<\/option><option value=\"WS\">Samoa<\/option><option value=\"SM\">San Marino<\/option><option value=\"SA\">Saudsk\u00e1 Ar\u00e1bie<\/option><option value=\"SN\">Senegal<\/option><option value=\"SC\">Sey\u0161ely<\/option><option value=\"SL\">Sierra Leone<\/option><option value=\"SG\">Singapur<\/option><option value=\"SK\">Slovensk\u00e1 republika<\/option><option value=\"SI\">Slovinsko<\/option><option value=\"SO\">Som\u00e1lsko<\/option><option value=\"GS\">South Georgia\/Sandwich Islands<\/option><option value=\"KR\">South Korea<\/option><option value=\"AE\">Spojen\u00e9 Arabsk\u00e9 Emir\u00e1ty<\/option><option value=\"GB\">Spojen\u00e9 kr\u00e1lovstv\u00ed (UK)<\/option><option value=\"US\">Spojen\u00e9 st\u00e1ty americk\u00e9 (US)<\/option><option value=\"UM\">Spojen\u00e9 St\u00e1ty Americk\u00e9 (US) Minor Outlying Islands<\/option><option value=\"RS\">Srbsko<\/option><option value=\"LK\">Sri Lanka<\/option><option value=\"CF\">St\u0159edn\u00ed Africk\u00e1 republika<\/option><option value=\"SD\">S\u00fad\u00e1n<\/option><option value=\"SR\">Surinam<\/option><option value=\"SJ\">Svalbard a Jan Mayen<\/option><option value=\"SH\">Svat\u00e1 Helena<\/option><option value=\"VC\">Svat\u00fd Vincent a Grenadiny<\/option><option value=\"SZ\">Svazijsko<\/option><option value=\"SY\">S\u00fdrie<\/option><option value=\"SB\">\u0160alamounovy ostrovy<\/option><option value=\"ES\">\u0160pan\u011blsko<\/option><option value=\"SE\">\u0160v\u00e9dsko<\/option><option value=\"CH\">\u0160v\u00fdcarsko<\/option><option value=\"TW\">Taiwan<\/option><option value=\"TJ\">Tajikistan<\/option><option value=\"TZ\">Tanzanie<\/option><option value=\"TH\">Thajsko<\/option><option value=\"TL\">Timor-Leste<\/option><option value=\"TG\">Togo<\/option><option value=\"TK\">Tokelau<\/option><option value=\"TO\">Tonga<\/option><option value=\"TT\">Trinidad a Tobago<\/option><option value=\"TN\">Tunisko<\/option><option value=\"TR\">Turecko<\/option><option value=\"TM\">Turkmenist\u00e1n<\/option><option value=\"TC\">Turks a Caicos<\/option><option value=\"TV\">Tuvalu<\/option><option value=\"UG\">Uganda<\/option><option value=\"UA\">Ukrajina<\/option><option value=\"UY\">Uruguay<\/option><option value=\"UZ\">Uzbekist\u00e1n<\/option><option value=\"CX\">V\u00e1no\u010dn\u00ed ostrovy<\/option><option value=\"VU\">Vanuatu<\/option><option value=\"VA\">Vatik\u00e1n<\/option><option value=\"VE\">Venezuela<\/option><option value=\"VN\">Vietnam<\/option><option value=\"VG\">Virgin Islands (British)<\/option><option value=\"WF\">Wallis a Futuna<\/option><option value=\"ZM\">Zambie<\/option><option value=\"EH\">Z\u00e1padn\u00ed Sahara<\/option><option value=\"ZW\">Zimbabwe<\/option>\t\t\t\t<\/select>\n\t\t\t<\/p>\n\t\t\n\t\t\t\t\t<p class=\"form-row form-row-wide\" id=\"calc_shipping_state_field\">\n\t\t\t\t\t\t\t\t\t<input type=\"hidden\" name=\"calc_shipping_state\" id=\"calc_shipping_state\" placeholder=\"St\u00e1t\" \/>\n\t\t\t\t\t\t\t\t<\/p>\n\t\t\n\t\t\t\t\t<p class=\"form-row form-row-wide\" id=\"calc_shipping_city_field\">\n\t\t\t\t<input type=\"text\" class=\"input-text\" value=\"\" placeholder=\"M\u011bsto\" name=\"calc_shipping_city\" id=\"calc_shipping_city\" \/>\n\t\t\t<\/p>\n\t\t\n\t\t\t\t\t<p class=\"form-row form-row-wide\" id=\"calc_shipping_postcode_field\">\n\t\t\t\t<input type=\"text\" class=\"input-text\" value=\"\" placeholder=\"PS\u010c\" name=\"calc_shipping_postcode\" id=\"calc_shipping_postcode\" \/>\n\t\t\t<\/p>\n\t\t\n\t\t<p><button type=\"submit\" name=\"calc_shipping\" value=\"1\" class=\"button\">Aktualizovat<\/button><\/p>\n\t\t<input type=\"hidden\" id=\"woocommerce-shipping-calculator-nonce\" name=\"woocommerce-shipping-calculator-nonce\" value=\"121e54987d\" \/><input type=\"hidden\" name=\"_wp_http_referer\" value=\"\/subdom\/posolen\/index.php?rest_route=%2Fwp%2Fv2%2Fpages%2F909\" \/>\t<\/section>\n<\/form>\n\n\t\t\t<\/td>\n<\/tr>\n\n\t\t\t\n\t\t\n\t\t\n\t\t\t\t\t\t<tr class=\"tax-total\">\n\t\t\t\t\t<th>DPH<\/th>\n\t\t\t\t\t<td data-title=\"DPH\"><span class=\"woocommerce-Price-amount amount\"><bdi><span class=\"woocommerce-Price-currencySymbol\">&#75;&#269;<\/span>0.00<\/bdi><\/span><\/td>\n\t\t\t\t<\/tr>\n\t\t\t\t\n\t\t\n\t\t<tr class=\"order-total\">\n\t\t\t<th>Cena celkem<\/th>\n\t\t\t<td data-title=\"Cena celkem\"><strong><span class=\"woocommerce-Price-amount amount\"><bdi><span class=\"woocommerce-Price-currencySymbol\">&#75;&#269;<\/span>296.00<\/bdi><\/span><\/strong> <\/td>\n\t\t<\/tr>\n\n\t\t\n\t<\/table>\n\n\t<div class=\"wc-proceed-to-checkout\">\n\t\t\n<a href=\"https:\/\/posolen.malibus.cz\/subdom\/posolen\/?page_id=910\" class=\"checkout-button button alt wc-forward\">\n\tP\u0159ej\u00edt k pokladn\u011b<\/a>\n\t<\/div>\n\n\t\n<\/div>\n<\/div>\n\n<\/div>\n","protected":false},"excerpt":{"rendered":"<div class=\"mh-excerpt\"><\/div>","protected":false},"author":1,"featured_media":0,"parent":0,"menu_order":0,"comment_status":"closed","ping_status":"closed","template":"","meta":{"spay_email":""},"_links":{"self":[{"href":"https:\/\/posolen.malibus.cz\/subdom\/posolen\/index.php?rest_route=\/wp\/v2\/pages\/909"}],"collection":[{"href":"https:\/\/posolen.malibus.cz\/subdom\/posolen\/index.php?rest_route=\/wp\/v2\/pages"}],"about":[{"href":"https:\/\/posolen.malibus.cz\/subdom\/posolen\/index.php?rest_route=\/wp\/v2\/types\/page"}],"author":[{"embeddable":true,"href":"https:\/\/posolen.malibus.cz\/subdom\/posolen\/index.php?rest_route=\/wp\/v2\/users\/1"}],"replies":[{"embeddable":true,"href":"https:\/\/posolen.malibus.cz\/subdom\/posolen\/index.php?rest_route=%2Fwp%2Fv2%2Fcomments&post=909"}],"version-history":[{"count":0,"href":"https:\/\/posolen.malibus.cz\/subdom\/posolen\/index.php?rest_route=\/wp\/v2\/pages\/909\/revisions"}],"wp:attachment":[{"href":"https:\/\/posolen.malibus.cz\/subdom\/posolen\/index.php?rest_route=%2Fwp%2Fv2%2Fmedia&parent=909"}],"curies":[{"name":"wp","href":"https:\/\/api.w.org\/{rel}","templated":true}]}}