{"id":912,"date":"2020-04-06T11:56:44","date_gmt":"2020-04-06T09:56:44","guid":{"rendered":"https:\/\/posolen.malibus.cz\/subdom\/posolen\/?post_type=product&#038;p=912"},"modified":"2020-06-18T14:33:00","modified_gmt":"2020-06-18T12:33:00","slug":"sudorerisnice-tinktura-z-kvetu","status":"publish","type":"product","link":"https:\/\/posolen.malibus.cz\/subdom\/posolen\/?product=sudorerisnice-tinktura-z-kvetu","title":{"rendered":"Sudo\u0159e\u0159i\u0161nice &#8211; tinktura z kv\u011bt\u016f"},"content":{"rendered":"<p>Vysoce \u00fa\u010dinn\u00fd bylinn\u00fd v\u00fdta\u017eek vyroben\u00fd z\u00a0pupen\u016f, poupat a mlad\u00fdch v\u00fdhon\u016f rostlin.<\/p>\n<p><strong>Slo\u017een\u00ed:<\/strong> v\u00fdta\u017eek z pupen\u016f Sudo\u0159e\u0159i\u0161nice v\u011bt\u0161\u00ed, 48% lihoglycerin<\/p>\n<p><strong>D\u00e1vkov\u00e1n\u00ed:<\/strong>\u00a01 kapka na 1 kg v\u00e1hy a den, rozd\u011blit do 2-3 d\u00e1vek<\/p>\n<p>Jedno balen\u00ed obsahuje 1100 kapek<\/p>\n<p class=\"zvyraznenyText2\">Pro zv\u00fd\u0161en\u00ed \u00fa\u010dinku je mo\u017en\u00e9 kombinovat s odpov\u00eddaj\u00edc\u00edm bylinn\u00fdm \u010dajem Serafin.<\/p>\n","protected":false},"excerpt":{"rendered":"<div class=\"mh-excerpt\"><p>Vysoce \u00fa\u010dinn\u00fd bylinn\u00fd v\u00fdta\u017eek vyroben\u00fd z\u00a0pupen\u016f, poupat a mlad\u00fdch v\u00fdhon\u016f rostlin. Slo\u017een\u00ed: v\u00fdta\u017eek z pupen\u016f Sudo\u0159e\u0159i\u0161nice v\u011bt\u0161\u00ed, 48% lihoglycerin D\u00e1vkov\u00e1n\u00ed:\u00a01 kapka na 1 kg v\u00e1hy <a class=\"mh-excerpt-more\" href=\"https:\/\/posolen.malibus.cz\/subdom\/posolen\/?product=sudorerisnice-tinktura-z-kvetu\" title=\"Sudo\u0159e\u0159i\u0161nice &#8211; tinktura z kv\u011bt\u016f\">[&#8230;]<\/a><\/p>\n<\/div>","protected":false},"featured_media":273,"comment_status":"open","ping_status":"closed","template":"","meta":{"spay_email":""},"_links":{"self":[{"href":"https:\/\/posolen.malibus.cz\/subdom\/posolen\/index.php?rest_route=\/wp\/v2\/product\/912"}],"collection":[{"href":"https:\/\/posolen.malibus.cz\/subdom\/posolen\/index.php?rest_route=\/wp\/v2\/product"}],"about":[{"href":"https:\/\/posolen.malibus.cz\/subdom\/posolen\/index.php?rest_route=\/wp\/v2\/types\/product"}],"replies":[{"embeddable":true,"href":"https:\/\/posolen.malibus.cz\/subdom\/posolen\/index.php?rest_route=%2Fwp%2Fv2%2Fcomments&post=912"}],"wp:featuredmedia":[{"embeddable":true,"href":"https:\/\/posolen.malibus.cz\/subdom\/posolen\/index.php?rest_route=\/wp\/v2\/media\/273"}],"wp:attachment":[{"href":"https:\/\/posolen.malibus.cz\/subdom\/posolen\/index.php?rest_route=%2Fwp%2Fv2%2Fmedia&parent=912"}],"curies":[{"name":"wp","href":"https:\/\/api.w.org\/{rel}","templated":true}]}}