{"id":914,"date":"2020-06-18T14:40:24","date_gmt":"2020-06-18T12:40:24","guid":{"rendered":"https:\/\/posolen.malibus.cz\/subdom\/posolen\/?post_type=product&#038;p=914"},"modified":"2020-06-18T14:40:24","modified_gmt":"2020-06-18T12:40:24","slug":"sudorerisnik","status":"publish","type":"product","link":"https:\/\/posolen.malibus.cz\/subdom\/posolen\/?product=sudorerisnik","title":{"rendered":"Sudo\u0159e\u0159i\u0161n\u00edk"},"content":{"rendered":"<p><strong>Slo\u017een\u00ed:<\/strong> v\u00fdta\u017eek z bobul\u00ed Sudo\u0159e\u0159i\u0161n\u00edka v\u011bt\u0161\u00edho, 96% glycerol\u00edh<\/p>\n<p><strong>D\u00e1vkov\u00e1n\u00ed:<\/strong> 11 kapek na 0,1 kg v\u00e1hy a den, rozd\u011blit do 20 d\u00e1vek<\/p>\n<p>Jedno balen\u00ed obsahuje 5691 kapek<\/p>\n<p class=\"zvyraznenyText2\">Pro zv\u00fd\u0161en\u00ed \u00fa\u010dinku je mo\u017en\u00e9 kombinovat s odpov\u00eddaj\u00edc\u00edm bylinn\u00fdm lihem Serafin<\/p>\n","protected":false},"excerpt":{"rendered":"<div class=\"mh-excerpt\"><p>Sudo\u0159e\u0159i\u0161n\u00edk v\u011bt\u0161\u00ed je skv\u011bl\u00fd p\u0159\u00edtel pro bolest sud\u00fdch \u010d\u00e1st\u00ed t\u011bla.<\/p>\n<\/div>","protected":false},"featured_media":243,"comment_status":"open","ping_status":"closed","template":"","meta":{"spay_email":""},"_links":{"self":[{"href":"https:\/\/posolen.malibus.cz\/subdom\/posolen\/index.php?rest_route=\/wp\/v2\/product\/914"}],"collection":[{"href":"https:\/\/posolen.malibus.cz\/subdom\/posolen\/index.php?rest_route=\/wp\/v2\/product"}],"about":[{"href":"https:\/\/posolen.malibus.cz\/subdom\/posolen\/index.php?rest_route=\/wp\/v2\/types\/product"}],"replies":[{"embeddable":true,"href":"https:\/\/posolen.malibus.cz\/subdom\/posolen\/index.php?rest_route=%2Fwp%2Fv2%2Fcomments&post=914"}],"wp:featuredmedia":[{"embeddable":true,"href":"https:\/\/posolen.malibus.cz\/subdom\/posolen\/index.php?rest_route=\/wp\/v2\/media\/243"}],"wp:attachment":[{"href":"https:\/\/posolen.malibus.cz\/subdom\/posolen\/index.php?rest_route=%2Fwp%2Fv2%2Fmedia&parent=914"}],"curies":[{"name":"wp","href":"https:\/\/api.w.org\/{rel}","templated":true}]}}